{"id":43184,"date":"2020-03-23T15:29:52","date_gmt":"2020-03-23T20:29:52","guid":{"rendered":"https:\/\/heho.ca\/?page_id=43184"},"modified":"2023-02-07T14:05:50","modified_gmt":"2023-02-07T20:05:50","slug":"voyageur-songs","status":"publish","type":"page","link":"https:\/\/heho.ca\/en\/voyageur-songs\/","title":{"rendered":"Voyageur Songs"},"content":{"rendered":"<div id=\"cs-content\" class=\"cs-content\"><\/div>\n","protected":false},"excerpt":{"rendered":"<p>Voyageur songsPaddle to the rythm of voyageurs with these 18 songs POURQUOI LES VOYAGEURS CHANTAIENT-ILS? Pagayer un canot avec des douzaines de voyageurs, \u00e7a prend beaucoup de coordination! Pour rester coordin\u00e9s, les coups de pagaie \u00e9taient synchronis\u00e9s aux rythmes de la musique. cr\u00e9dit photo: Frances Anne Hopkins. Biblioth\u00e8que et Archives Canada, C-02774kDans son livre\u00a0Making the Voyageur World, l\u2019auteur Carolyn Podruchny &#8230; <a href=\"https:\/\/heho.ca\/en\/voyageur-songs\/\" class=\"more-link\">Read More<\/a><\/p>\n","protected":false},"author":991,"featured_media":0,"parent":0,"menu_order":0,"comment_status":"closed","ping_status":"closed","template":"template-blank-4.php","meta":{"_acf_changed":false,"footnotes":""},"class_list":["post-43184","page","type-page","status-publish","hentry","no-post-thumbnail"],"acf":[],"_links":{"self":[{"href":"https:\/\/heho.ca\/en\/wp-json\/wp\/v2\/pages\/43184","targetHints":{"allow":["GET"]}}],"collection":[{"href":"https:\/\/heho.ca\/en\/wp-json\/wp\/v2\/pages"}],"about":[{"href":"https:\/\/heho.ca\/en\/wp-json\/wp\/v2\/types\/page"}],"author":[{"embeddable":true,"href":"https:\/\/heho.ca\/en\/wp-json\/wp\/v2\/users\/991"}],"replies":[{"embeddable":true,"href":"https:\/\/heho.ca\/en\/wp-json\/wp\/v2\/comments?post=43184"}],"version-history":[{"count":4,"href":"https:\/\/heho.ca\/en\/wp-json\/wp\/v2\/pages\/43184\/revisions"}],"predecessor-version":[{"id":54960,"href":"https:\/\/heho.ca\/en\/wp-json\/wp\/v2\/pages\/43184\/revisions\/54960"}],"wp:attachment":[{"href":"https:\/\/heho.ca\/en\/wp-json\/wp\/v2\/media?parent=43184"}],"curies":[{"name":"wp","href":"https:\/\/api.w.org\/{rel}","templated":true}]}}