{"id":43224,"date":"2020-03-24T16:21:05","date_gmt":"2020-03-24T21:21:05","guid":{"rendered":"https:\/\/heho.ca\/?page_id=43224"},"modified":"2022-12-01T10:05:25","modified_gmt":"2022-12-01T16:05:25","slug":"vla-lbon-vent","status":"publish","type":"page","link":"https:\/\/heho.ca\/en\/vla-lbon-vent\/","title":{"rendered":"Vla l\u2019bon vent"},"content":{"rendered":"<div id=\"cs-content\" class=\"cs-content\"><\/div>\n","protected":false},"excerpt":{"rendered":"<p>Vla l\u2019bon vent Voyageur SongsRefrain\u00a0: V&#8217;l\u00e0 l&#8217;bon vent, v&#8217;l\u00e0 l&#8217;joli vent V&#8217;l\u00e0 l&#8217;bon vent ma mie m&#8217;appelle V&#8217;l\u00e0 l&#8217;bon vent, v&#8217;l\u00e0 l&#8217;joli vent V&#8217;l\u00e0 l&#8217;bon vent ma mie m&#8217;attend Derri\u00e8re chez nous y&#8217;a un \u00e9tang Trois beaux canards s&#8217;en vont baignant (Refrain) Le fils du Roi s&#8217;en va chassant Avec son beau fusil d&#8217;argent (Refrain) Visa le noir, tua le &#8230; <a href=\"https:\/\/heho.ca\/en\/vla-lbon-vent\/\" class=\"more-link\">Read More<\/a><\/p>\n","protected":false},"author":1031,"featured_media":0,"parent":0,"menu_order":0,"comment_status":"closed","ping_status":"closed","template":"template-blank-4.php","meta":{"_acf_changed":false,"footnotes":""},"class_list":["post-43224","page","type-page","status-publish","hentry","no-post-thumbnail"],"acf":[],"_links":{"self":[{"href":"https:\/\/heho.ca\/en\/wp-json\/wp\/v2\/pages\/43224","targetHints":{"allow":["GET"]}}],"collection":[{"href":"https:\/\/heho.ca\/en\/wp-json\/wp\/v2\/pages"}],"about":[{"href":"https:\/\/heho.ca\/en\/wp-json\/wp\/v2\/types\/page"}],"author":[{"embeddable":true,"href":"https:\/\/heho.ca\/en\/wp-json\/wp\/v2\/users\/1031"}],"replies":[{"embeddable":true,"href":"https:\/\/heho.ca\/en\/wp-json\/wp\/v2\/comments?post=43224"}],"version-history":[{"count":5,"href":"https:\/\/heho.ca\/en\/wp-json\/wp\/v2\/pages\/43224\/revisions"}],"predecessor-version":[{"id":52244,"href":"https:\/\/heho.ca\/en\/wp-json\/wp\/v2\/pages\/43224\/revisions\/52244"}],"wp:attachment":[{"href":"https:\/\/heho.ca\/en\/wp-json\/wp\/v2\/media?parent=43224"}],"curies":[{"name":"wp","href":"https:\/\/api.w.org\/{rel}","templated":true}]}}