{"id":43414,"date":"2020-03-27T12:08:30","date_gmt":"2020-03-27T17:08:30","guid":{"rendered":"https:\/\/heho.ca\/un-oranger-il-y-a\/"},"modified":"2022-12-01T10:04:42","modified_gmt":"2022-12-01T16:04:42","slug":"un-oranger-il-y-a","status":"publish","type":"page","link":"https:\/\/heho.ca\/en\/un-oranger-il-y-a\/","title":{"rendered":"Un oranger il y a"},"content":{"rendered":"<div id=\"cs-content\" class=\"cs-content\"><\/div>\n","protected":false},"excerpt":{"rendered":"<p>Un oranger il y a Voyageur songs1. Par derrier&#8217; chez mon p\u00e8re un oranger il y a, Qu&#8217;est si charg\u00e9 d&#8217;oranges qu&#8217;on croit qu&#8217;il&#8230; en rompera. Mon cricra tularirette, mon cricra tulalira. 2. Qu&#8217;est si charg\u00e9 d&#8217;oranges qu&#8217;on croit qu&#8217;il &#8230; en romp&#8217;ra. Je demande \u00e0 ma m\u00e8re : -Quand est-c&#8217; qu&#8217;on les cueill&#8217;ra? 3. Ma m\u00e8r&#8217; me fit r\u00e9ponse &#8230; <a href=\"https:\/\/heho.ca\/en\/un-oranger-il-y-a\/\" class=\"more-link\">Read More<\/a><\/p>\n","protected":false},"author":1031,"featured_media":0,"parent":0,"menu_order":0,"comment_status":"closed","ping_status":"closed","template":"template-blank-4.php","meta":{"_acf_changed":false,"footnotes":""},"class_list":["post-43414","page","type-page","status-publish","hentry","no-post-thumbnail"],"acf":[],"_links":{"self":[{"href":"https:\/\/heho.ca\/en\/wp-json\/wp\/v2\/pages\/43414","targetHints":{"allow":["GET"]}}],"collection":[{"href":"https:\/\/heho.ca\/en\/wp-json\/wp\/v2\/pages"}],"about":[{"href":"https:\/\/heho.ca\/en\/wp-json\/wp\/v2\/types\/page"}],"author":[{"embeddable":true,"href":"https:\/\/heho.ca\/en\/wp-json\/wp\/v2\/users\/1031"}],"replies":[{"embeddable":true,"href":"https:\/\/heho.ca\/en\/wp-json\/wp\/v2\/comments?post=43414"}],"version-history":[{"count":5,"href":"https:\/\/heho.ca\/en\/wp-json\/wp\/v2\/pages\/43414\/revisions"}],"predecessor-version":[{"id":52241,"href":"https:\/\/heho.ca\/en\/wp-json\/wp\/v2\/pages\/43414\/revisions\/52241"}],"wp:attachment":[{"href":"https:\/\/heho.ca\/en\/wp-json\/wp\/v2\/media?parent=43414"}],"curies":[{"name":"wp","href":"https:\/\/api.w.org\/{rel}","templated":true}]}}