{"id":43426,"date":"2020-03-27T12:18:09","date_gmt":"2020-03-27T17:18:09","guid":{"rendered":"https:\/\/heho.ca\/la-chasse-aux-perdreaux\/"},"modified":"2022-12-01T09:59:03","modified_gmt":"2022-12-01T15:59:03","slug":"la-chasse-aux-perdreaux","status":"publish","type":"page","link":"https:\/\/heho.ca\/en\/la-chasse-aux-perdreaux\/","title":{"rendered":"La chasse aux perdreaux"},"content":{"rendered":"<div id=\"cs-content\" class=\"cs-content\"><\/div>\n","protected":false},"excerpt":{"rendered":"<p>La chasse aux perdreaux Voyageur songs1. On m&#8217;envoie \u00e0 la chasse, [\u00e0] la chasse aux perdreaux. J&#8217;ai rencontr\u00e9 trois filles, l\u00e0-bas sur ces c\u00f4teaux. Gai faluron malurette O gail Faluron malur\u00e9. 2. J&#8217;ai rencontr\u00e9 trois filles, l\u00e0-bas sur ces c\u00f4teaux. J&#8217;ai pris la plus jeune, je I&#8217;ai quoint en haut. 3. Par-dessus sa robe, il y avoit un ormeau. 4. &#8230; <a href=\"https:\/\/heho.ca\/en\/la-chasse-aux-perdreaux\/\" class=\"more-link\">Read More<\/a><\/p>\n","protected":false},"author":1031,"featured_media":0,"parent":0,"menu_order":0,"comment_status":"closed","ping_status":"closed","template":"template-blank-4.php","meta":{"_acf_changed":false,"footnotes":""},"class_list":["post-43426","page","type-page","status-publish","hentry","no-post-thumbnail"],"acf":[],"_links":{"self":[{"href":"https:\/\/heho.ca\/en\/wp-json\/wp\/v2\/pages\/43426","targetHints":{"allow":["GET"]}}],"collection":[{"href":"https:\/\/heho.ca\/en\/wp-json\/wp\/v2\/pages"}],"about":[{"href":"https:\/\/heho.ca\/en\/wp-json\/wp\/v2\/types\/page"}],"author":[{"embeddable":true,"href":"https:\/\/heho.ca\/en\/wp-json\/wp\/v2\/users\/1031"}],"replies":[{"embeddable":true,"href":"https:\/\/heho.ca\/en\/wp-json\/wp\/v2\/comments?post=43426"}],"version-history":[{"count":7,"href":"https:\/\/heho.ca\/en\/wp-json\/wp\/v2\/pages\/43426\/revisions"}],"predecessor-version":[{"id":52220,"href":"https:\/\/heho.ca\/en\/wp-json\/wp\/v2\/pages\/43426\/revisions\/52220"}],"wp:attachment":[{"href":"https:\/\/heho.ca\/en\/wp-json\/wp\/v2\/media?parent=43426"}],"curies":[{"name":"wp","href":"https:\/\/api.w.org\/{rel}","templated":true}]}}