{"id":43438,"date":"2020-03-27T12:28:49","date_gmt":"2020-03-27T17:28:49","guid":{"rendered":"https:\/\/heho.ca\/le-rossignol-y-chante\/"},"modified":"2022-12-01T09:59:54","modified_gmt":"2022-12-01T15:59:54","slug":"le-rossignol-y-chante","status":"publish","type":"page","link":"https:\/\/heho.ca\/en\/le-rossignol-y-chante\/","title":{"rendered":"Le rossignol y chante"},"content":{"rendered":"<div id=\"cs-content\" class=\"cs-content\"><\/div>\n","protected":false},"excerpt":{"rendered":"<p>Le rossignol y chante Voyageur songs1. Par derrier&#8217; chez ma tante, il yat un rosier blanc. Le rossignol y chante, \u00e0 chaqu&#8217; petit moment. Beau faluron ma dondaine, O gai! Faluton ma dond\u00e9&#8217;. 2. Le rossignol y chante, \u00e0 chaqu&#8217; petit moment. A su charmer Nanett&#8217;, c&#8217;est par son doux chant. 3. A la claire fontain&#8217;, Nanette, elle s&#8217;est baign\u00e9e. &#8230; <a href=\"https:\/\/heho.ca\/en\/le-rossignol-y-chante\/\" class=\"more-link\">Read More<\/a><\/p>\n","protected":false},"author":1031,"featured_media":0,"parent":0,"menu_order":0,"comment_status":"closed","ping_status":"closed","template":"template-blank-4.php","meta":{"_acf_changed":false,"footnotes":""},"class_list":["post-43438","page","type-page","status-publish","hentry","no-post-thumbnail"],"acf":[],"_links":{"self":[{"href":"https:\/\/heho.ca\/en\/wp-json\/wp\/v2\/pages\/43438","targetHints":{"allow":["GET"]}}],"collection":[{"href":"https:\/\/heho.ca\/en\/wp-json\/wp\/v2\/pages"}],"about":[{"href":"https:\/\/heho.ca\/en\/wp-json\/wp\/v2\/types\/page"}],"author":[{"embeddable":true,"href":"https:\/\/heho.ca\/en\/wp-json\/wp\/v2\/users\/1031"}],"replies":[{"embeddable":true,"href":"https:\/\/heho.ca\/en\/wp-json\/wp\/v2\/comments?post=43438"}],"version-history":[{"count":5,"href":"https:\/\/heho.ca\/en\/wp-json\/wp\/v2\/pages\/43438\/revisions"}],"predecessor-version":[{"id":52223,"href":"https:\/\/heho.ca\/en\/wp-json\/wp\/v2\/pages\/43438\/revisions\/52223"}],"wp:attachment":[{"href":"https:\/\/heho.ca\/en\/wp-json\/wp\/v2\/media?parent=43438"}],"curies":[{"name":"wp","href":"https:\/\/api.w.org\/{rel}","templated":true}]}}