{"id":49702,"date":"2022-02-24T12:43:36","date_gmt":"2022-02-24T18:43:36","guid":{"rendered":"https:\/\/heho.ca\/?page_id=49702"},"modified":"2026-02-06T09:40:51","modified_gmt":"2026-02-06T15:40:51","slug":"sponsors-partners","status":"publish","type":"page","link":"https:\/\/heho.ca\/en\/sponsors-partners\/","title":{"rendered":"Sponsors and Partners"},"content":{"rendered":"<div id=\"cs-content\" class=\"cs-content\"><\/div>\n","protected":false},"excerpt":{"rendered":"<p>Sponsors and Partners Thank you for all your support!Official PartnersPremier SponsorsMajor SponsorsMedia SponsorsFriends of Festival100 Nons Anvil Tree Avenir IT Country John&#8217;s Portable Toilet Rentals Dead Horse Cider Continuing Education Division (Universit\u00e9 de Saint-Boniface) \u00c9ducatrices et \u00e9ducateurs francophones du Manitoba Efficiency Manitoba Falcon Ridge Ski Fireball Fort Group Hub International Legal Locksmith Maxim Truck &amp; Trailer Ocean Trailer Patent 5 &#8230; <a href=\"https:\/\/heho.ca\/en\/sponsors-partners\/\" class=\"more-link\">Read More<\/a><\/p>\n","protected":false},"author":1268,"featured_media":0,"parent":0,"menu_order":0,"comment_status":"closed","ping_status":"closed","template":"template-blank-4.php","meta":{"_acf_changed":false,"footnotes":""},"class_list":["post-49702","page","type-page","status-publish","hentry","no-post-thumbnail"],"acf":[],"_links":{"self":[{"href":"https:\/\/heho.ca\/en\/wp-json\/wp\/v2\/pages\/49702","targetHints":{"allow":["GET"]}}],"collection":[{"href":"https:\/\/heho.ca\/en\/wp-json\/wp\/v2\/pages"}],"about":[{"href":"https:\/\/heho.ca\/en\/wp-json\/wp\/v2\/types\/page"}],"author":[{"embeddable":true,"href":"https:\/\/heho.ca\/en\/wp-json\/wp\/v2\/users\/1268"}],"replies":[{"embeddable":true,"href":"https:\/\/heho.ca\/en\/wp-json\/wp\/v2\/comments?post=49702"}],"version-history":[{"count":166,"href":"https:\/\/heho.ca\/en\/wp-json\/wp\/v2\/pages\/49702\/revisions"}],"predecessor-version":[{"id":70287,"href":"https:\/\/heho.ca\/en\/wp-json\/wp\/v2\/pages\/49702\/revisions\/70287"}],"wp:attachment":[{"href":"https:\/\/heho.ca\/en\/wp-json\/wp\/v2\/media?parent=49702"}],"curies":[{"name":"wp","href":"https:\/\/api.w.org\/{rel}","templated":true}]}}