{"id":56070,"date":"2023-05-04T15:04:27","date_gmt":"2023-05-04T20:04:27","guid":{"rendered":"https:\/\/heho.ca\/formulaire-location-boite-a-chansons-anglais\/"},"modified":"2023-05-09T15:36:51","modified_gmt":"2023-05-09T20:36:51","slug":"form-mobile-concert-trailer","status":"publish","type":"page","link":"https:\/\/heho.ca\/en\/form-mobile-concert-trailer\/","title":{"rendered":"Formulaire location Bo\u00eete \u00e0 Chansons (Anglais)"},"content":{"rendered":"<div id=\"cs-content\" class=\"cs-content\"><\/div>\n","protected":false},"excerpt":{"rendered":"<p>Festival du Voyageur | Bo\u00eete \u00e0 chansonsPlease fill out this form to determine if the FDV&#8217;s Bo\u00eete \u00e0 chansons (mobile music trailer) is the best fit for your event. The Bo\u00eete \u00e0 chansons is a heated 4 seasons self-contained music venue on wheels that can be deployed in most locations. It is a unique performance stage that is sure to &#8230; <a href=\"https:\/\/heho.ca\/en\/form-mobile-concert-trailer\/\" class=\"more-link\">Read More<\/a><\/p>\n","protected":false},"author":1412,"featured_media":0,"parent":0,"menu_order":0,"comment_status":"closed","ping_status":"closed","template":"template-blank-4.php","meta":{"_acf_changed":false,"footnotes":""},"class_list":["post-56070","page","type-page","status-publish","hentry","no-post-thumbnail"],"acf":[],"_links":{"self":[{"href":"https:\/\/heho.ca\/en\/wp-json\/wp\/v2\/pages\/56070","targetHints":{"allow":["GET"]}}],"collection":[{"href":"https:\/\/heho.ca\/en\/wp-json\/wp\/v2\/pages"}],"about":[{"href":"https:\/\/heho.ca\/en\/wp-json\/wp\/v2\/types\/page"}],"author":[{"embeddable":true,"href":"https:\/\/heho.ca\/en\/wp-json\/wp\/v2\/users\/1412"}],"replies":[{"embeddable":true,"href":"https:\/\/heho.ca\/en\/wp-json\/wp\/v2\/comments?post=56070"}],"version-history":[{"count":6,"href":"https:\/\/heho.ca\/en\/wp-json\/wp\/v2\/pages\/56070\/revisions"}],"predecessor-version":[{"id":56158,"href":"https:\/\/heho.ca\/en\/wp-json\/wp\/v2\/pages\/56070\/revisions\/56158"}],"wp:attachment":[{"href":"https:\/\/heho.ca\/en\/wp-json\/wp\/v2\/media?parent=56070"}],"curies":[{"name":"wp","href":"https:\/\/api.w.org\/{rel}","templated":true}]}}