{"id":67527,"date":"2025-02-10T15:11:51","date_gmt":"2025-02-10T21:11:51","guid":{"rendered":"https:\/\/heho.ca\/tournees-autoguidees-anglais\/"},"modified":"2025-02-19T17:10:40","modified_gmt":"2025-02-19T23:10:40","slug":"tournees-autoguidees-2","status":"publish","type":"page","link":"https:\/\/heho.ca\/en\/tournees-autoguidees-2\/","title":{"rendered":"Tourn\u00e9es autoguid\u00e9es (Anglais)"},"content":{"rendered":"<div id=\"cs-content\" class=\"cs-content\"><\/div>\n","protected":false},"excerpt":{"rendered":"<p>TOURN\u00c9ES AUTO-GUID\u00c9ES SELF-GUIDED TOURS La nouveaut\u00e9 cette ann\u00e9e est une visite au Fort Gibraltar sous la forme d\u2019un parcours \u00e0 la carte. Choisissez une tourn\u00e9e qui correspond \u00e0 vos int\u00e9r\u00eats et embarquez dans une aventure qui vous ram\u00e8nera \u00e0 l\u2019ann\u00e9e 1815! New this year is a choose your own adventure style of visit to Fort Gibraltar. Choose a tour that &#8230; <a href=\"https:\/\/heho.ca\/en\/tournees-autoguidees-2\/\" class=\"more-link\">Read More<\/a><\/p>\n","protected":false},"author":1412,"featured_media":0,"parent":0,"menu_order":0,"comment_status":"closed","ping_status":"closed","template":"template-blank-4.php","meta":{"_acf_changed":false,"footnotes":""},"class_list":["post-67527","page","type-page","status-publish","hentry","no-post-thumbnail"],"acf":[],"_links":{"self":[{"href":"https:\/\/heho.ca\/en\/wp-json\/wp\/v2\/pages\/67527","targetHints":{"allow":["GET"]}}],"collection":[{"href":"https:\/\/heho.ca\/en\/wp-json\/wp\/v2\/pages"}],"about":[{"href":"https:\/\/heho.ca\/en\/wp-json\/wp\/v2\/types\/page"}],"author":[{"embeddable":true,"href":"https:\/\/heho.ca\/en\/wp-json\/wp\/v2\/users\/1412"}],"replies":[{"embeddable":true,"href":"https:\/\/heho.ca\/en\/wp-json\/wp\/v2\/comments?post=67527"}],"version-history":[{"count":7,"href":"https:\/\/heho.ca\/en\/wp-json\/wp\/v2\/pages\/67527\/revisions"}],"predecessor-version":[{"id":67650,"href":"https:\/\/heho.ca\/en\/wp-json\/wp\/v2\/pages\/67527\/revisions\/67650"}],"wp:attachment":[{"href":"https:\/\/heho.ca\/en\/wp-json\/wp\/v2\/media?parent=67527"}],"curies":[{"name":"wp","href":"https:\/\/api.w.org\/{rel}","templated":true}]}}