{"id":70887,"date":"2026-03-20T16:47:59","date_gmt":"2026-03-20T21:47:59","guid":{"rendered":"https:\/\/heho.ca\/new-form-page-fr-en\/"},"modified":"2026-03-20T16:50:55","modified_gmt":"2026-03-20T21:50:55","slug":"new-form-page-fr-2","status":"publish","type":"page","link":"https:\/\/heho.ca\/en\/new-form-page-fr-2\/","title":{"rendered":"New Form Page Fr (EN)"},"content":{"rendered":"<div id=\"cs-content\" class=\"cs-content\"><\/div>\n","protected":false},"excerpt":{"rendered":"<p>formulaire du PROGRAMME SCOLAIRE estival | PRINTEMPS 2026Veuillez remplir les informations du formulaire suivant. Nous vous reviendrons par apr\u00e8s dans un d\u00e9lai de 3 jours ouvrables. Personne contacte(Required) Pr\u00e9nom Nom de famille Courriel(Required) Saisissez un courriel Confirmez le courriel Num\u00e9ro de t\u00e9l\u00e9phone(Required)Nom de l&#039;\u00e9cole(Required)Nombre total d&#039;adultes (y compris l&#039;enseignant)(Required)Nombre d&#039;\u00e9tudiants (max. 60)(Required)Niveaux scolaires(Required)Choix 1 | Date souhait\u00e9e(Required)(du 19 mai au &#8230; <a href=\"https:\/\/heho.ca\/en\/new-form-page-fr-2\/\" class=\"more-link\">Read More<\/a><\/p>\n","protected":false},"author":1,"featured_media":0,"parent":0,"menu_order":0,"comment_status":"closed","ping_status":"closed","template":"template-blank-4.php","meta":{"_acf_changed":false,"footnotes":""},"class_list":["post-70887","page","type-page","status-publish","hentry","no-post-thumbnail"],"acf":[],"_links":{"self":[{"href":"https:\/\/heho.ca\/en\/wp-json\/wp\/v2\/pages\/70887","targetHints":{"allow":["GET"]}}],"collection":[{"href":"https:\/\/heho.ca\/en\/wp-json\/wp\/v2\/pages"}],"about":[{"href":"https:\/\/heho.ca\/en\/wp-json\/wp\/v2\/types\/page"}],"author":[{"embeddable":true,"href":"https:\/\/heho.ca\/en\/wp-json\/wp\/v2\/users\/1"}],"replies":[{"embeddable":true,"href":"https:\/\/heho.ca\/en\/wp-json\/wp\/v2\/comments?post=70887"}],"version-history":[{"count":7,"href":"https:\/\/heho.ca\/en\/wp-json\/wp\/v2\/pages\/70887\/revisions"}],"predecessor-version":[{"id":70894,"href":"https:\/\/heho.ca\/en\/wp-json\/wp\/v2\/pages\/70887\/revisions\/70894"}],"wp:attachment":[{"href":"https:\/\/heho.ca\/en\/wp-json\/wp\/v2\/media?parent=70887"}],"curies":[{"name":"wp","href":"https:\/\/api.w.org\/{rel}","templated":true}]}}