{"id":9533,"date":"2016-12-01T09:00:41","date_gmt":"2016-12-01T15:00:41","guid":{"rendered":"https:\/\/festivalvoyageur.mb.ca\/en\/?page_id=9533"},"modified":"2024-02-28T13:20:13","modified_gmt":"2024-02-28T19:20:13","slug":"beard-growing-contest","status":"publish","type":"page","link":"https:\/\/heho.ca\/en\/festival\/beard-growing-contest\/","title":{"rendered":"Beard Growing Contest"},"content":{"rendered":"<div id=\"cs-content\" class=\"cs-content\"><\/div>\n","protected":false},"excerpt":{"rendered":"<p>2024 Beard Growing Contest 2024 resultsClean Shaven: 1st: Albert Kirby 2nd: Steve McRitchie 3rd: Sook Open \/ Innovation: 1st: Tracy Laval\u00e9e 2nd: Huguette Vall\u00e9e 3rd: Chad Norris Voyageur Beard: 1st: Jeremy Groen 2nd: Rob Neufeld 3rd: Vincent Lavall\u00e9e &nbsp;Photo gallery Beard growing contest<\/p>\n","protected":false},"author":4,"featured_media":0,"parent":10,"menu_order":0,"comment_status":"closed","ping_status":"closed","template":"template-blank-4.php","meta":{"_acf_changed":false,"footnotes":""},"class_list":["post-9533","page","type-page","status-publish","hentry","no-post-thumbnail"],"acf":[],"_links":{"self":[{"href":"https:\/\/heho.ca\/en\/wp-json\/wp\/v2\/pages\/9533","targetHints":{"allow":["GET"]}}],"collection":[{"href":"https:\/\/heho.ca\/en\/wp-json\/wp\/v2\/pages"}],"about":[{"href":"https:\/\/heho.ca\/en\/wp-json\/wp\/v2\/types\/page"}],"author":[{"embeddable":true,"href":"https:\/\/heho.ca\/en\/wp-json\/wp\/v2\/users\/4"}],"replies":[{"embeddable":true,"href":"https:\/\/heho.ca\/en\/wp-json\/wp\/v2\/comments?post=9533"}],"version-history":[{"count":73,"href":"https:\/\/heho.ca\/en\/wp-json\/wp\/v2\/pages\/9533\/revisions"}],"predecessor-version":[{"id":65266,"href":"https:\/\/heho.ca\/en\/wp-json\/wp\/v2\/pages\/9533\/revisions\/65266"}],"up":[{"embeddable":true,"href":"https:\/\/heho.ca\/en\/wp-json\/wp\/v2\/pages\/10"}],"wp:attachment":[{"href":"https:\/\/heho.ca\/en\/wp-json\/wp\/v2\/media?parent=9533"}],"curies":[{"name":"wp","href":"https:\/\/api.w.org\/{rel}","templated":true}]}}