{"id":4135,"date":"2015-11-06T14:40:55","date_gmt":"2015-11-06T14:40:55","guid":{"rendered":"http:\/\/festivalvoyageur.hellowebsites.ca\/en\/product\/ceinture-flechee-jeune-child-sash\/"},"modified":"2026-02-21T15:46:09","modified_gmt":"2026-02-21T21:46:09","slug":"ceinture-flechee-jeune-child-sash","status":"publish","type":"product","link":"https:\/\/heho.ca\/en\/product\/ceinture-flechee-jeune-child-sash\/","title":{"rendered":"Children&#8217;s Sash"},"content":{"rendered":"<p>A mini sash for your junior voyageurs!<\/p>\n<p>This sash is machine-made using polyester. This design first appeared around the time of the first <em>Carnaval du Qu\u00e9bec<\/em> and has since been adopted by different festivals and M\u00e9tis organisations. Due to its widespread use, this is the most recognized sash. Often referred to as the M\u00e9tis sash, voyageur sash or finger woven sash, these sashes are made on a machine with the sides serged (sewn to keep the material together).<\/p>\n","protected":false},"excerpt":{"rendered":"<p>A mini sash for your junior voyageurs! This sash is machine-made using polyester. This design first appeared around the time of the first Carnaval du Qu\u00e9bec and has since been adopted by different festivals and M\u00e9tis organisations. Due to its widespread use, this is the most recognized sash. Often referred to as the M\u00e9tis sash, voyageur sash or finger woven &#8230; <a href=\"https:\/\/heho.ca\/en\/product\/ceinture-flechee-jeune-child-sash\/\" class=\"more-link\">Read More<\/a><\/p>\n","protected":false},"featured_media":44290,"template":"","meta":{"_acf_changed":false},"product_brand":[],"product_cat":[33,36],"product_tag":[],"class_list":{"0":"post-4135","1":"product","2":"type-product","3":"status-publish","4":"has-post-thumbnail","6":"product_cat-enfants-kids","7":"product_cat-ceintures-sashes","8":"product_shipping_class-boutique-products-en","11":"first","12":"instock","13":"taxable","14":"shipping-taxable","15":"purchasable","16":"product-type-simple"},"acf":[],"_links":{"self":[{"href":"https:\/\/heho.ca\/en\/wp-json\/wp\/v2\/product\/4135","targetHints":{"allow":["GET"]}}],"collection":[{"href":"https:\/\/heho.ca\/en\/wp-json\/wp\/v2\/product"}],"about":[{"href":"https:\/\/heho.ca\/en\/wp-json\/wp\/v2\/types\/product"}],"wp:featuredmedia":[{"embeddable":true,"href":"https:\/\/heho.ca\/en\/wp-json\/wp\/v2\/media\/44290"}],"wp:attachment":[{"href":"https:\/\/heho.ca\/en\/wp-json\/wp\/v2\/media?parent=4135"}],"wp:term":[{"taxonomy":"product_brand","embeddable":true,"href":"https:\/\/heho.ca\/en\/wp-json\/wp\/v2\/product_brand?post=4135"},{"taxonomy":"product_cat","embeddable":true,"href":"https:\/\/heho.ca\/en\/wp-json\/wp\/v2\/product_cat?post=4135"},{"taxonomy":"product_tag","embeddable":true,"href":"https:\/\/heho.ca\/en\/wp-json\/wp\/v2\/product_tag?post=4135"}],"curies":[{"name":"wp","href":"https:\/\/api.w.org\/{rel}","templated":true}]}}